{"id":20,"date":"2026-01-30T14:54:29","date_gmt":"2026-01-30T14:54:29","guid":{"rendered":"https:\/\/corsetoriaaida.rkinformatika.online\/wordpress\/?page_id=20"},"modified":"2026-02-02T08:11:44","modified_gmt":"2026-02-02T08:11:44","slug":"inicio","status":"publish","type":"page","link":"https:\/\/corseteriaaida.com\/eu\/","title":{"rendered":"Hasiera"},"content":{"rendered":"<div data-elementor-type=\"wp-page\" data-elementor-id=\"20\" class=\"elementor elementor-20\" data-elementor-post-type=\"page\">\n\t\t\t\t<div class=\"elementor-element elementor-element-98b35f4 e-flex e-con-boxed elementor-invisible e-con e-parent\" data-id=\"98b35f4\" data-element_type=\"container\" data-e-type=\"container\" data-settings=\"{&quot;animation&quot;:&quot;fadeIn&quot;}\">\n\t\t\t\t\t<div class=\"e-con-inner\">\n\t\t\t\t\t<\/div>\n\t\t\t\t<\/div>\n\t\t<div class=\"elementor-element elementor-element-4431dca e-flex e-con-boxed e-con e-parent\" data-id=\"4431dca\" data-element_type=\"container\" data-e-type=\"container\">\n\t\t\t\t\t<div class=\"e-con-inner\">\n\t\t<div class=\"elementor-element elementor-element-586734f e-con-full animated-slow e-flex elementor-invisible e-con e-child\" data-id=\"586734f\" data-element_type=\"container\" data-e-type=\"container\" data-settings=\"{&quot;animation&quot;:&quot;fadeInLeft&quot;}\">\n\t\t\t\t<div class=\"elementor-element elementor-element-f783908 elementor-widget elementor-widget-heading\" data-id=\"f783908\" data-element_type=\"widget\" data-e-type=\"widget\" data-widget_type=\"heading.default\">\n\t\t\t\t\t<h2 class=\"elementor-heading-title elementor-size-default\">Guri buruz<\/h2>\t\t\t\t<\/div>\n\t\t\t\t<div class=\"elementor-element elementor-element-aaed23b elementor-widget elementor-widget-text-editor\" data-id=\"aaed23b\" data-element_type=\"widget\" data-e-type=\"widget\" data-widget_type=\"text-editor.default\">\n\t\t\t\t\t\t\t\t\t<p>Kortseterian, lentzerian eta arropa konponketetan espezializatutako establezimendua gara, eta 26 urteko esperientzia dugu sektorean. Gure ibilbidean zehar, dedikazioarekin eta kontuz lan egin dugu, bezero bakoitzari gertuko tratua eta zerbitzu pertsonalizatua eskainiz.<\/p><p>Gure jardueraren ardatza kalitatezko kortseteria eta lentzeria hautatzea da, baita arropa konpontzea ere, jantzi bakoitzaren eta pertsona bakoitzaren xehetasunei, doikuntzari eta behar espezifikoei arreta berezia eskainiz.<\/p><p>Urte hauetan metatutako esperientziak aukera ematen digu lan profesionala, arduratsua eta bezeroaren gogobetetzera bideratua bermatzeko, betiere kalitatearekiko eta konfiantzarekiko konpromisoari eutsiz.<\/p>\t\t\t\t\t\t\t\t<\/div>\n\t\t\t\t<\/div>\n\t\t<div class=\"elementor-element elementor-element-383dee4 e-con-full animated-slow e-flex elementor-invisible e-con e-child\" data-id=\"383dee4\" data-element_type=\"container\" data-e-type=\"container\" data-settings=\"{&quot;animation&quot;:&quot;fadeInRight&quot;}\">\n\t\t\t\t<div class=\"elementor-element elementor-element-3fe2fde elementor-widget elementor-widget-image\" data-id=\"3fe2fde\" data-element_type=\"widget\" data-e-type=\"widget\" data-widget_type=\"image.default\">\n\t\t\t\t\t\t\t\t\t\t\t\t\t\t\t<img fetchpriority=\"high\" decoding=\"async\" width=\"800\" height=\"800\" src=\"https:\/\/corseteriaaida.com\/wp-content\/uploads\/2026\/01\/4871077_46066-1024x1024.jpg\" class=\"attachment-large size-large wp-image-128\" alt=\"\" srcset=\"https:\/\/corseteriaaida.com\/wp-content\/uploads\/2026\/01\/4871077_46066-1024x1024.jpg 1024w, https:\/\/corseteriaaida.com\/wp-content\/uploads\/2026\/01\/4871077_46066-300x300.jpg 300w, https:\/\/corseteriaaida.com\/wp-content\/uploads\/2026\/01\/4871077_46066-150x150.jpg 150w, https:\/\/corseteriaaida.com\/wp-content\/uploads\/2026\/01\/4871077_46066-768x768.jpg 768w, https:\/\/corseteriaaida.com\/wp-content\/uploads\/2026\/01\/4871077_46066-1536x1536.jpg 1536w, https:\/\/corseteriaaida.com\/wp-content\/uploads\/2026\/01\/4871077_46066-2048x2048.jpg 2048w, https:\/\/corseteriaaida.com\/wp-content\/uploads\/2026\/01\/4871077_46066-12x12.jpg 12w\" sizes=\"(max-width: 800px) 100vw, 800px\" \/>\t\t\t\t\t\t\t\t\t\t\t\t\t\t\t<\/div>\n\t\t\t\t<\/div>\n\t\t\t\t\t<\/div>\n\t\t\t\t<\/div>\n\t\t<div class=\"elementor-element elementor-element-1d92207 animated-slow e-flex e-con-boxed elementor-invisible e-con e-parent\" data-id=\"1d92207\" data-element_type=\"container\" data-e-type=\"container\" data-settings=\"{&quot;animation&quot;:&quot;fadeIn&quot;}\">\n\t\t\t\t\t<div class=\"e-con-inner\">\n\t\t\t\t<div class=\"elementor-element elementor-element-37df113 elementor-widget elementor-widget-button\" data-id=\"37df113\" data-element_type=\"widget\" data-e-type=\"widget\" data-widget_type=\"button.default\">\n\t\t\t\t\t\t\t\t\t\t<a class=\"elementor-button elementor-button-link elementor-size-sm elementor-animation-grow\" href=\"https:\/\/corseteriaaida.com\/eu\/servicios\/\">\n\t\t\t\t\t\t<span class=\"elementor-button-content-wrapper\">\n\t\t\t\t\t\t\t\t\t<span class=\"elementor-button-text\">Zerbitzuak<\/span>\n\t\t\t\t\t<\/span>\n\t\t\t\t\t<\/a>\n\t\t\t\t\t\t\t\t<\/div>\n\t\t\t\t\t<\/div>\n\t\t\t\t<\/div>\n\t\t\t\t<\/div>","protected":false},"excerpt":{"rendered":"<p>Sobre nosotros Somos un establecimiento especializado en corseter\u00eda, lencer\u00eda y arreglos de ropa, con 26 a\u00f1os de experiencia en el sector. A lo largo de nuestra trayectoria, hemos trabajado con dedicaci\u00f3n y cuidado, ofreciendo un trato cercano y un servicio personalizado a cada cliente. Nuestra actividad se centra en la selecci\u00f3n de corseter\u00eda y lencer\u00eda [&hellip;]<\/p>\n","protected":false},"author":1,"featured_media":0,"parent":0,"menu_order":0,"comment_status":"closed","ping_status":"closed","template":"elementor_canvas","meta":{"footnotes":""},"class_list":["post-20","page","type-page","status-publish","hentry"],"yoast_head":"<!-- This site is optimized with the Yoast SEO plugin v27.3 - https:\/\/yoast.com\/product\/yoast-seo-wordpress\/ -->\n<title>Inicio - Corseter\u00eda Aida<\/title>\n<meta name=\"robots\" content=\"index, follow, max-snippet:-1, max-image-preview:large, max-video-preview:-1\" \/>\n<link rel=\"canonical\" href=\"https:\/\/corseteriaaida.com\/eu\/\" \/>\n<meta property=\"og:locale\" content=\"en_US\" \/>\n<meta property=\"og:type\" content=\"article\" \/>\n<meta property=\"og:title\" content=\"Inicio - Corseter\u00eda Aida\" \/>\n<meta property=\"og:description\" content=\"Sobre nosotros Somos un establecimiento especializado en corseter\u00eda, lencer\u00eda y arreglos de ropa, con 26 a\u00f1os de experiencia en el sector. A lo largo de nuestra trayectoria, hemos trabajado con dedicaci\u00f3n y cuidado, ofreciendo un trato cercano y un servicio personalizado a cada cliente. Nuestra actividad se centra en la selecci\u00f3n de corseter\u00eda y lencer\u00eda [&hellip;]\" \/>\n<meta property=\"og:url\" content=\"https:\/\/corseteriaaida.com\/eu\/\" \/>\n<meta property=\"og:site_name\" content=\"Corseter\u00eda Aida\" \/>\n<meta property=\"article:modified_time\" content=\"2026-02-02T08:11:44+00:00\" \/>\n<meta property=\"og:image\" content=\"https:\/\/corseteriaaida.com\/wp-content\/uploads\/2026\/01\/4871077_46066-1024x1024.jpg\" \/>\n<meta name=\"twitter:card\" content=\"summary_large_image\" \/>\n<meta name=\"twitter:label1\" content=\"Est. reading time\" \/>\n\t<meta name=\"twitter:data1\" content=\"1 minutua\" \/>\n<script type=\"application\/ld+json\" class=\"yoast-schema-graph\">{\"@context\":\"https:\\\/\\\/schema.org\",\"@graph\":[{\"@type\":\"WebPage\",\"@id\":\"https:\\\/\\\/corseteriaaida.com\\\/\",\"url\":\"https:\\\/\\\/corseteriaaida.com\\\/\",\"name\":\"Inicio - Corseter\u00eda Aida\",\"isPartOf\":{\"@id\":\"https:\\\/\\\/corseteriaaida.com\\\/#website\"},\"primaryImageOfPage\":{\"@id\":\"https:\\\/\\\/corseteriaaida.com\\\/#primaryimage\"},\"image\":{\"@id\":\"https:\\\/\\\/corseteriaaida.com\\\/#primaryimage\"},\"thumbnailUrl\":\"https:\\\/\\\/corseteriaaida.com\\\/wp-content\\\/uploads\\\/2026\\\/01\\\/4871077_46066-1024x1024.jpg\",\"datePublished\":\"2026-01-30T14:54:29+00:00\",\"dateModified\":\"2026-02-02T08:11:44+00:00\",\"breadcrumb\":{\"@id\":\"https:\\\/\\\/corseteriaaida.com\\\/#breadcrumb\"},\"inLanguage\":\"eu\",\"potentialAction\":[{\"@type\":\"ReadAction\",\"target\":[\"https:\\\/\\\/corseteriaaida.com\\\/\"]}]},{\"@type\":\"ImageObject\",\"inLanguage\":\"eu\",\"@id\":\"https:\\\/\\\/corseteriaaida.com\\\/#primaryimage\",\"url\":\"https:\\\/\\\/corseteriaaida.com\\\/wp-content\\\/uploads\\\/2026\\\/01\\\/4871077_46066-1024x1024.jpg\",\"contentUrl\":\"https:\\\/\\\/corseteriaaida.com\\\/wp-content\\\/uploads\\\/2026\\\/01\\\/4871077_46066-1024x1024.jpg\"},{\"@type\":\"BreadcrumbList\",\"@id\":\"https:\\\/\\\/corseteriaaida.com\\\/#breadcrumb\",\"itemListElement\":[{\"@type\":\"ListItem\",\"position\":1,\"name\":\"Portada\",\"item\":\"https:\\\/\\\/corseteriaaida.com\\\/\"},{\"@type\":\"ListItem\",\"position\":2,\"name\":\"Inicio\"}]},{\"@type\":\"WebSite\",\"@id\":\"https:\\\/\\\/corseteriaaida.com\\\/#website\",\"url\":\"https:\\\/\\\/corseteriaaida.com\\\/\",\"name\":\"Corseter\u00eda Aida\",\"description\":\"Especializado en corseter\u00eda, lencer\u00eda y arreglos de ropa, con 26 a\u00f1os de experiencia en el sector.\",\"publisher\":{\"@id\":\"https:\\\/\\\/corseteriaaida.com\\\/#organization\"},\"potentialAction\":[{\"@type\":\"SearchAction\",\"target\":{\"@type\":\"EntryPoint\",\"urlTemplate\":\"https:\\\/\\\/corseteriaaida.com\\\/?s={search_term_string}\"},\"query-input\":{\"@type\":\"PropertyValueSpecification\",\"valueRequired\":true,\"valueName\":\"search_term_string\"}}],\"inLanguage\":\"eu\"},{\"@type\":\"Organization\",\"@id\":\"https:\\\/\\\/corseteriaaida.com\\\/#organization\",\"name\":\"Corseter\u00eda Aida\",\"url\":\"https:\\\/\\\/corseteriaaida.com\\\/\",\"logo\":{\"@type\":\"ImageObject\",\"inLanguage\":\"eu\",\"@id\":\"https:\\\/\\\/corseteriaaida.com\\\/#\\\/schema\\\/logo\\\/image\\\/\",\"url\":\"https:\\\/\\\/corseteriaaida.com\\\/wp-content\\\/uploads\\\/2026\\\/01\\\/cropped-Diseno-sin-titulo-2.png\",\"contentUrl\":\"https:\\\/\\\/corseteriaaida.com\\\/wp-content\\\/uploads\\\/2026\\\/01\\\/cropped-Diseno-sin-titulo-2.png\",\"width\":860,\"height\":995,\"caption\":\"Corseter\u00eda Aida\"},\"image\":{\"@id\":\"https:\\\/\\\/corseteriaaida.com\\\/#\\\/schema\\\/logo\\\/image\\\/\"}}]}<\/script>\n<!-- \/ Yoast SEO plugin. -->","yoast_head_json":{"title":"Inicio - Corseter\u00eda Aida","robots":{"index":"index","follow":"follow","max-snippet":"max-snippet:-1","max-image-preview":"max-image-preview:large","max-video-preview":"max-video-preview:-1"},"canonical":"https:\/\/corseteriaaida.com\/eu\/","og_locale":"en_US","og_type":"article","og_title":"Inicio - Corseter\u00eda Aida","og_description":"Sobre nosotros Somos un establecimiento especializado en corseter\u00eda, lencer\u00eda y arreglos de ropa, con 26 a\u00f1os de experiencia en el sector. A lo largo de nuestra trayectoria, hemos trabajado con dedicaci\u00f3n y cuidado, ofreciendo un trato cercano y un servicio personalizado a cada cliente. Nuestra actividad se centra en la selecci\u00f3n de corseter\u00eda y lencer\u00eda [&hellip;]","og_url":"https:\/\/corseteriaaida.com\/eu\/","og_site_name":"Corseter\u00eda Aida","article_modified_time":"2026-02-02T08:11:44+00:00","og_image":[{"url":"https:\/\/corseteriaaida.com\/wp-content\/uploads\/2026\/01\/4871077_46066-1024x1024.jpg","type":"","width":"","height":""}],"twitter_card":"summary_large_image","twitter_misc":{"Est. reading time":"1 minutua"},"schema":{"@context":"https:\/\/schema.org","@graph":[{"@type":"WebPage","@id":"https:\/\/corseteriaaida.com\/","url":"https:\/\/corseteriaaida.com\/","name":"Inicio - Corseter\u00eda Aida","isPartOf":{"@id":"https:\/\/corseteriaaida.com\/#website"},"primaryImageOfPage":{"@id":"https:\/\/corseteriaaida.com\/#primaryimage"},"image":{"@id":"https:\/\/corseteriaaida.com\/#primaryimage"},"thumbnailUrl":"https:\/\/corseteriaaida.com\/wp-content\/uploads\/2026\/01\/4871077_46066-1024x1024.jpg","datePublished":"2026-01-30T14:54:29+00:00","dateModified":"2026-02-02T08:11:44+00:00","breadcrumb":{"@id":"https:\/\/corseteriaaida.com\/#breadcrumb"},"inLanguage":"eu","potentialAction":[{"@type":"ReadAction","target":["https:\/\/corseteriaaida.com\/"]}]},{"@type":"ImageObject","inLanguage":"eu","@id":"https:\/\/corseteriaaida.com\/#primaryimage","url":"https:\/\/corseteriaaida.com\/wp-content\/uploads\/2026\/01\/4871077_46066-1024x1024.jpg","contentUrl":"https:\/\/corseteriaaida.com\/wp-content\/uploads\/2026\/01\/4871077_46066-1024x1024.jpg"},{"@type":"BreadcrumbList","@id":"https:\/\/corseteriaaida.com\/#breadcrumb","itemListElement":[{"@type":"ListItem","position":1,"name":"Portada","item":"https:\/\/corseteriaaida.com\/"},{"@type":"ListItem","position":2,"name":"Inicio"}]},{"@type":"WebSite","@id":"https:\/\/corseteriaaida.com\/#website","url":"https:\/\/corseteriaaida.com\/","name":"Corseter\u00eda Aida","description":"Especializado en corseter\u00eda, lencer\u00eda y arreglos de ropa, con 26 a\u00f1os de experiencia en el sector.","publisher":{"@id":"https:\/\/corseteriaaida.com\/#organization"},"potentialAction":[{"@type":"SearchAction","target":{"@type":"EntryPoint","urlTemplate":"https:\/\/corseteriaaida.com\/?s={search_term_string}"},"query-input":{"@type":"PropertyValueSpecification","valueRequired":true,"valueName":"search_term_string"}}],"inLanguage":"eu"},{"@type":"Organization","@id":"https:\/\/corseteriaaida.com\/#organization","name":"Corseter\u00eda Aida","url":"https:\/\/corseteriaaida.com\/","logo":{"@type":"ImageObject","inLanguage":"eu","@id":"https:\/\/corseteriaaida.com\/#\/schema\/logo\/image\/","url":"https:\/\/corseteriaaida.com\/wp-content\/uploads\/2026\/01\/cropped-Diseno-sin-titulo-2.png","contentUrl":"https:\/\/corseteriaaida.com\/wp-content\/uploads\/2026\/01\/cropped-Diseno-sin-titulo-2.png","width":860,"height":995,"caption":"Corseter\u00eda Aida"},"image":{"@id":"https:\/\/corseteriaaida.com\/#\/schema\/logo\/image\/"}}]}},"_links":{"self":[{"href":"https:\/\/corseteriaaida.com\/eu\/wp-json\/wp\/v2\/pages\/20","targetHints":{"allow":["GET"]}}],"collection":[{"href":"https:\/\/corseteriaaida.com\/eu\/wp-json\/wp\/v2\/pages"}],"about":[{"href":"https:\/\/corseteriaaida.com\/eu\/wp-json\/wp\/v2\/types\/page"}],"author":[{"embeddable":true,"href":"https:\/\/corseteriaaida.com\/eu\/wp-json\/wp\/v2\/users\/1"}],"replies":[{"embeddable":true,"href":"https:\/\/corseteriaaida.com\/eu\/wp-json\/wp\/v2\/comments?post=20"}],"version-history":[{"count":34,"href":"https:\/\/corseteriaaida.com\/eu\/wp-json\/wp\/v2\/pages\/20\/revisions"}],"predecessor-version":[{"id":164,"href":"https:\/\/corseteriaaida.com\/eu\/wp-json\/wp\/v2\/pages\/20\/revisions\/164"}],"wp:attachment":[{"href":"https:\/\/corseteriaaida.com\/eu\/wp-json\/wp\/v2\/media?parent=20"}],"curies":[{"name":"wp","href":"https:\/\/api.w.org\/{rel}","templated":true}]}}